{"id":18086,"date":"2022-08-05T15:00:19","date_gmt":"2022-08-05T15:00:19","guid":{"rendered":"https:\/\/test.guidocastagna.it\/?page_id=18086"},"modified":"2024-10-02T16:01:02","modified_gmt":"2024-10-02T16:01:02","slug":"il-nostro-lavoro","status":"publish","type":"page","link":"https:\/\/www.guidocastagna.it\/en\/il-nostro-lavoro\/","title":{"rendered":"Our work"},"content":{"rendered":"<div data-elementor-type=\"wp-page\" data-elementor-id=\"18086\" class=\"elementor elementor-18086\" data-elementor-post-type=\"page\">\n\t\t\t\t<div class=\"elementor-element elementor-element-ccaa3c8 e-con-full e-flex e-con e-parent\" data-id=\"ccaa3c8\" data-element_type=\"container\" data-e-type=\"container\" data-settings=\"{&quot;background_background&quot;:&quot;classic&quot;}\">\n\t\t\t\t<div class=\"elementor-element elementor-element-7380739 elementor-invisible elementor-widget elementor-widget-heading\" data-id=\"7380739\" data-element_type=\"widget\" data-e-type=\"widget\" data-settings=\"{&quot;_animation&quot;:&quot;fadeInLeft&quot;,&quot;_animation_delay&quot;:200}\" data-widget_type=\"heading.default\">\n\t\t\t\t<div class=\"elementor-widget-container\">\n\t\t\t\t\t<h2 class=\"elementor-heading-title elementor-size-default\">The Chocolate Adventure, <\/br>lived every day<\/h2>\t\t\t\t<\/div>\n\t\t\t\t<\/div>\n\t\t\t\t<\/div>\n\t\t<div class=\"elementor-element elementor-element-9232f48 e-con-full e-flex e-con e-parent\" data-id=\"9232f48\" data-element_type=\"container\" data-e-type=\"container\" data-settings=\"{&quot;background_background&quot;:&quot;classic&quot;}\">\n\t\t<div class=\"elementor-element elementor-element-c6a2868 e-con-full e-flex e-con e-child\" data-id=\"c6a2868\" data-element_type=\"container\" data-e-type=\"container\">\n\t\t\t\t<div class=\"elementor-element elementor-element-25f88ae elementor-widget elementor-widget-heading\" data-id=\"25f88ae\" data-element_type=\"widget\" data-e-type=\"widget\" data-widget_type=\"heading.default\">\n\t\t\t\t<div class=\"elementor-widget-container\">\n\t\t\t\t\t<h2 class=\"elementor-heading-title elementor-size-default\">The laboratory is a place of creation, in the constant search for perfection.<\/h2>\t\t\t\t<\/div>\n\t\t\t\t<\/div>\n\t\t\t\t<div class=\"elementor-element elementor-element-945800e elementor-widget elementor-widget-text-editor\" data-id=\"945800e\" data-element_type=\"widget\" data-e-type=\"widget\" data-widget_type=\"text-editor.default\">\n\t\t\t\t<div class=\"elementor-widget-container\">\n\t\t\t\t\t\t\t\t\t<p>Our work is all here. Simple and complex at the same time. Every day we try to give our best so that the creations that arrive in your homes reach the highest level of chocolate making. And to do this we take care of every aspect of production, from the arrival of the cocoa beans to the packaging.<\/p>\t\t\t\t\t\t\t\t<\/div>\n\t\t\t\t<\/div>\n\t\t\t\t<\/div>\n\t\t<div class=\"elementor-element elementor-element-28ff033 e-con-full e-flex e-con e-child\" data-id=\"28ff033\" data-element_type=\"container\" data-e-type=\"container\" data-settings=\"{&quot;background_background&quot;:&quot;classic&quot;}\">\n\t\t\t\t<\/div>\n\t\t\t\t<\/div>\n\t\t<div class=\"elementor-element elementor-element-192b926 e-con-full e-flex e-con e-parent\" data-id=\"192b926\" data-element_type=\"container\" data-e-type=\"container\" data-settings=\"{&quot;background_background&quot;:&quot;classic&quot;}\">\n\t\t<div class=\"elementor-element elementor-element-3c4cfde e-con-full e-flex e-con e-child\" data-id=\"3c4cfde\" data-element_type=\"container\" data-e-type=\"container\" data-settings=\"{&quot;background_background&quot;:&quot;classic&quot;}\">\n\t\t\t\t<div class=\"elementor-element elementor-element-5993f46 elementor-widget elementor-widget-image\" data-id=\"5993f46\" data-element_type=\"widget\" data-e-type=\"widget\" data-widget_type=\"image.default\">\n\t\t\t\t<div class=\"elementor-widget-container\">\n\t\t\t\t\t\t\t\t\t\t\t\t\t\t\t<img fetchpriority=\"high\" decoding=\"async\" width=\"599\" height=\"1024\" src=\"https:\/\/www.guidocastagna.it\/wp-content\/uploads\/2024\/01\/Muesli-Punto-Zero-1-sito-599x1024.jpg\" class=\"attachment-large size-large wp-image-18759\" alt=\"\" srcset=\"https:\/\/www.guidocastagna.it\/wp-content\/uploads\/2024\/01\/Muesli-Punto-Zero-1-sito-599x1024.jpg 599w, https:\/\/www.guidocastagna.it\/wp-content\/uploads\/2024\/01\/Muesli-Punto-Zero-1-sito-600x1026.jpg 600w, https:\/\/www.guidocastagna.it\/wp-content\/uploads\/2024\/01\/Muesli-Punto-Zero-1-sito-176x300.jpg 176w, https:\/\/www.guidocastagna.it\/wp-content\/uploads\/2024\/01\/Muesli-Punto-Zero-1-sito-7x12.jpg 7w, https:\/\/www.guidocastagna.it\/wp-content\/uploads\/2024\/01\/Muesli-Punto-Zero-1-sito-35x60.jpg 35w, https:\/\/www.guidocastagna.it\/wp-content\/uploads\/2024\/01\/Muesli-Punto-Zero-1-sito-53x90.jpg 53w, https:\/\/www.guidocastagna.it\/wp-content\/uploads\/2024\/01\/Muesli-Punto-Zero-1-sito.jpg 750w\" sizes=\"(max-width: 599px) 100vw, 599px\" \/>\t\t\t\t\t\t\t\t\t\t\t\t\t\t\t<\/div>\n\t\t\t\t<\/div>\n\t\t\t\t<\/div>\n\t\t<div class=\"elementor-element elementor-element-4ea5be4 e-con-full e-flex e-con e-child\" data-id=\"4ea5be4\" data-element_type=\"container\" data-e-type=\"container\">\n\t\t\t\t<div class=\"elementor-element elementor-element-2eb5aaf elementor-widget elementor-widget-heading\" data-id=\"2eb5aaf\" data-element_type=\"widget\" data-e-type=\"widget\" data-widget_type=\"heading.default\">\n\t\t\t\t<div class=\"elementor-widget-container\">\n\t\t\t\t\t<h2 class=\"elementor-heading-title elementor-size-default\">A new attention.<\/h2>\t\t\t\t<\/div>\n\t\t\t\t<\/div>\n\t\t\t\t<div class=\"elementor-element elementor-element-e377990 elementor-widget elementor-widget-text-editor\" data-id=\"e377990\" data-element_type=\"widget\" data-e-type=\"widget\" data-widget_type=\"text-editor.default\">\n\t\t\t\t<div class=\"elementor-widget-container\">\n\t\t\t\t\t\t\t\t\t<div class=\"eltdf-section-title-holder\"><p class=\"eltdf-st-text\">When we choose and process raw materials we pay the utmost attention to contamination that may occur between the ingredients of the various recipes.<\/p><\/div><div class=\"wpb_text_column wpb_content_element\"><div class=\"wpb_wrapper\"><p class=\"translation-block\">Many of our products are suitable for those with celiac disease. The <strong>Giuinott<\/strong>, all the <strong>bars<\/strong> and the <strong>+55 cream<\/strong> are in fact gluten free. And with the new \u201c<strong>Punto Zero<\/strong>\u201d line we are even closer to those who want a healthy lifestyle and a low glycemic index diet.<\/p><\/div><\/div>\t\t\t\t\t\t\t\t<\/div>\n\t\t\t\t<\/div>\n\t\t\t\t<\/div>\n\t\t\t\t<\/div>\n\t\t<div class=\"elementor-element elementor-element-e360f03 e-con-full e-flex e-con e-parent\" data-id=\"e360f03\" data-element_type=\"container\" data-e-type=\"container\" data-settings=\"{&quot;background_background&quot;:&quot;classic&quot;}\">\n\t\t<div class=\"elementor-element elementor-element-75e74b6 e-con-full e-flex e-con e-child\" data-id=\"75e74b6\" data-element_type=\"container\" data-e-type=\"container\" data-settings=\"{&quot;background_background&quot;:&quot;classic&quot;}\">\n\t\t\t\t<\/div>\n\t\t<div class=\"elementor-element elementor-element-494023b e-con-full e-flex e-con e-child\" data-id=\"494023b\" data-element_type=\"container\" data-e-type=\"container\">\n\t\t\t\t<div class=\"elementor-element elementor-element-f05abb9 elementor-widget elementor-widget-heading\" data-id=\"f05abb9\" data-element_type=\"widget\" data-e-type=\"widget\" data-widget_type=\"heading.default\">\n\t\t\t\t<div class=\"elementor-widget-container\">\n\t\t\t\t\t<h2 class=\"elementor-heading-title elementor-size-default\">Everything, with a smile. Why not?<\/h2>\t\t\t\t<\/div>\n\t\t\t\t<\/div>\n\t\t\t\t<div class=\"elementor-element elementor-element-f2c5689 elementor-widget elementor-widget-text-editor\" data-id=\"f2c5689\" data-element_type=\"widget\" data-e-type=\"widget\" data-widget_type=\"text-editor.default\">\n\t\t\t\t<div class=\"elementor-widget-container\">\n\t\t\t\t\t\t\t\t\t<p>Is it possible to work in a family and cheerful environment and be able to maintain a climate of collaboration even during periods of high stress? We believe so and we are committed to making it possible, applying one of the basic principles of the Natural Method: respect.<\/p>\t\t\t\t\t\t\t\t<\/div>\n\t\t\t\t<\/div>\n\t\t\t\t<\/div>\n\t\t\t\t<\/div>\n\t\t\t\t<\/div>","protected":false},"excerpt":{"rendered":"<p>L&#8217;avventura del Cioccolato, vissuta ogni giorno Il laboratorio \u00e8 un luogo di creazione, alla ricerca costante della perfezione. Il nostro lavoro \u00e8 tutto qui. Semplice e complesso al tempo stesso. Ogni giorno cerchiamo di dare il massimo affinch\u00e9 le creazioni che arrivano nelle vostre case, raggiungano il pi\u00f9 alto livello della cioccolateria. E per farlo [&hellip;]<\/p>\n","protected":false},"author":1,"featured_media":0,"parent":0,"menu_order":0,"comment_status":"closed","ping_status":"closed","template":"","meta":{"site-sidebar-layout":"no-sidebar","site-content-layout":"page-builder","ast-site-content-layout":"full-width-container","site-content-style":"unboxed","site-sidebar-style":"unboxed","ast-global-header-display":"","ast-banner-title-visibility":"","ast-main-header-display":"","ast-hfb-above-header-display":"","ast-hfb-below-header-display":"","ast-hfb-mobile-header-display":"","site-post-title":"disabled","ast-breadcrumbs-content":"","ast-featured-img":"disabled","footer-sml-layout":"","theme-transparent-header-meta":"","adv-header-id-meta":"","stick-header-meta":"","header-above-stick-meta":"","header-main-stick-meta":"","header-below-stick-meta":"","astra-migrate-meta-layouts":"set","ast-page-background-enabled":"default","ast-page-background-meta":{"desktop":{"background-color":"","background-image":"","background-repeat":"repeat","background-position":"center center","background-size":"auto","background-attachment":"scroll","background-type":"","background-media":"","overlay-type":"","overlay-color":"","overlay-opacity":"","overlay-gradient":""},"tablet":{"background-color":"","background-image":"","background-repeat":"repeat","background-position":"center center","background-size":"auto","background-attachment":"scroll","background-type":"","background-media":"","overlay-type":"","overlay-color":"","overlay-opacity":"","overlay-gradient":""},"mobile":{"background-color":"","background-image":"","background-repeat":"repeat","background-position":"center center","background-size":"auto","background-attachment":"scroll","background-type":"","background-media":"","overlay-type":"","overlay-color":"","overlay-opacity":"","overlay-gradient":""}},"ast-content-background-meta":{"desktop":{"background-color":"var(--ast-global-color-5)","background-image":"","background-repeat":"repeat","background-position":"center center","background-size":"auto","background-attachment":"scroll","background-type":"","background-media":"","overlay-type":"","overlay-color":"","overlay-opacity":"","overlay-gradient":""},"tablet":{"background-color":"var(--ast-global-color-5)","background-image":"","background-repeat":"repeat","background-position":"center center","background-size":"auto","background-attachment":"scroll","background-type":"","background-media":"","overlay-type":"","overlay-color":"","overlay-opacity":"","overlay-gradient":""},"mobile":{"background-color":"var(--ast-global-color-5)","background-image":"","background-repeat":"repeat","background-position":"center center","background-size":"auto","background-attachment":"scroll","background-type":"","background-media":"","overlay-type":"","overlay-color":"","overlay-opacity":"","overlay-gradient":""}},"footnotes":""},"class_list":["post-18086","page","type-page","status-publish","hentry"],"yoast_head":"<!-- This site is optimized with the Yoast SEO plugin v27.5 - https:\/\/yoast.com\/product\/yoast-seo-wordpress\/ -->\n<title>Il nostro lavoro - Guido Castagna - Cioccolato Metodo Naturale<\/title>\n<meta name=\"description\" content=\"Il nostro lavoro \u00e8 qualit\u00e0: per noi \u00e8 la parola pi\u00f9 importante. Per ottenerla ricerchiamo solo il massimo tutti i giorni. Scopri.\" \/>\n<meta name=\"robots\" content=\"index, follow, max-snippet:-1, max-image-preview:large, max-video-preview:-1\" \/>\n<link rel=\"canonical\" href=\"https:\/\/www.guidocastagna.it\/en\/il-nostro-lavoro\/\" \/>\n<meta property=\"og:locale\" content=\"en_GB\" \/>\n<meta property=\"og:type\" content=\"article\" \/>\n<meta property=\"og:title\" content=\"Il nostro lavoro - Guido Castagna - Cioccolato Metodo Naturale\" \/>\n<meta property=\"og:description\" content=\"Il nostro lavoro \u00e8 qualit\u00e0: per noi \u00e8 la parola pi\u00f9 importante. Per ottenerla ricerchiamo solo il massimo tutti i giorni. Scopri.\" \/>\n<meta property=\"og:url\" content=\"https:\/\/www.guidocastagna.it\/en\/il-nostro-lavoro\/\" \/>\n<meta property=\"og:site_name\" content=\"Guido Castagna - Cioccolato Metodo Naturale\" \/>\n<meta property=\"article:publisher\" content=\"https:\/\/www.facebook.com\/castagna.guido\/\" \/>\n<meta property=\"article:modified_time\" content=\"2024-10-02T16:01:02+00:00\" \/>\n<meta property=\"og:image\" content=\"https:\/\/www.guidocastagna.it\/wp-content\/uploads\/2024\/01\/Muesli-Punto-Zero-1-sito-599x1024.jpg\" \/>\n<meta name=\"twitter:card\" content=\"summary_large_image\" \/>\n<meta name=\"twitter:label1\" content=\"Estimated reading time\" \/>\n\t<meta name=\"twitter:data1\" content=\"2 minutes\" \/>\n<script type=\"application\/ld+json\" class=\"yoast-schema-graph\">{\"@context\":\"https:\\\/\\\/schema.org\",\"@graph\":[{\"@type\":\"WebPage\",\"@id\":\"https:\\\/\\\/www.guidocastagna.it\\\/il-nostro-lavoro\\\/\",\"url\":\"https:\\\/\\\/www.guidocastagna.it\\\/il-nostro-lavoro\\\/\",\"name\":\"Il nostro lavoro - Guido Castagna - Cioccolato Metodo Naturale\",\"isPartOf\":{\"@id\":\"https:\\\/\\\/www.guidocastagna.it\\\/#website\"},\"primaryImageOfPage\":{\"@id\":\"https:\\\/\\\/www.guidocastagna.it\\\/il-nostro-lavoro\\\/#primaryimage\"},\"image\":{\"@id\":\"https:\\\/\\\/www.guidocastagna.it\\\/il-nostro-lavoro\\\/#primaryimage\"},\"thumbnailUrl\":\"https:\\\/\\\/www.guidocastagna.it\\\/wp-content\\\/uploads\\\/2024\\\/01\\\/Muesli-Punto-Zero-1-sito-599x1024.jpg\",\"datePublished\":\"2022-08-05T15:00:19+00:00\",\"dateModified\":\"2024-10-02T16:01:02+00:00\",\"description\":\"Il nostro lavoro \u00e8 qualit\u00e0: per noi \u00e8 la parola pi\u00f9 importante. Per ottenerla ricerchiamo solo il massimo tutti i giorni. Scopri.\",\"breadcrumb\":{\"@id\":\"https:\\\/\\\/www.guidocastagna.it\\\/il-nostro-lavoro\\\/#breadcrumb\"},\"inLanguage\":\"en-GB\",\"potentialAction\":[{\"@type\":\"ReadAction\",\"target\":[\"https:\\\/\\\/www.guidocastagna.it\\\/il-nostro-lavoro\\\/\"]}]},{\"@type\":\"ImageObject\",\"inLanguage\":\"en-GB\",\"@id\":\"https:\\\/\\\/www.guidocastagna.it\\\/il-nostro-lavoro\\\/#primaryimage\",\"url\":\"https:\\\/\\\/www.guidocastagna.it\\\/wp-content\\\/uploads\\\/2024\\\/01\\\/Muesli-Punto-Zero-1-sito-599x1024.jpg\",\"contentUrl\":\"https:\\\/\\\/www.guidocastagna.it\\\/wp-content\\\/uploads\\\/2024\\\/01\\\/Muesli-Punto-Zero-1-sito-599x1024.jpg\"},{\"@type\":\"BreadcrumbList\",\"@id\":\"https:\\\/\\\/www.guidocastagna.it\\\/il-nostro-lavoro\\\/#breadcrumb\",\"itemListElement\":[{\"@type\":\"ListItem\",\"position\":1,\"name\":\"Home\",\"item\":\"https:\\\/\\\/www.guidocastagna.it\\\/\"},{\"@type\":\"ListItem\",\"position\":2,\"name\":\"Il nostro lavoro\"}]},{\"@type\":\"WebSite\",\"@id\":\"https:\\\/\\\/www.guidocastagna.it\\\/#website\",\"url\":\"https:\\\/\\\/www.guidocastagna.it\\\/\",\"name\":\"Guido Castagna - Cioccolato Metodo Naturale\",\"description\":\"Guido Castagna - Cioccolato Metodo Naturale\",\"publisher\":{\"@id\":\"https:\\\/\\\/www.guidocastagna.it\\\/#organization\"},\"potentialAction\":[{\"@type\":\"SearchAction\",\"target\":{\"@type\":\"EntryPoint\",\"urlTemplate\":\"https:\\\/\\\/www.guidocastagna.it\\\/?s={search_term_string}\"},\"query-input\":{\"@type\":\"PropertyValueSpecification\",\"valueRequired\":true,\"valueName\":\"search_term_string\"}}],\"inLanguage\":\"en-GB\"},{\"@type\":\"Organization\",\"@id\":\"https:\\\/\\\/www.guidocastagna.it\\\/#organization\",\"name\":\"Guido Castagna - Cioccolato Metodo Naturale\",\"url\":\"https:\\\/\\\/www.guidocastagna.it\\\/\",\"logo\":{\"@type\":\"ImageObject\",\"inLanguage\":\"en-GB\",\"@id\":\"https:\\\/\\\/www.guidocastagna.it\\\/#\\\/schema\\\/logo\\\/image\\\/\",\"url\":\"https:\\\/\\\/www.guidocastagna.it\\\/wp-content\\\/uploads\\\/2022\\\/06\\\/Guido-Castagna-logo-black.svg\",\"contentUrl\":\"https:\\\/\\\/www.guidocastagna.it\\\/wp-content\\\/uploads\\\/2022\\\/06\\\/Guido-Castagna-logo-black.svg\",\"width\":257,\"height\":76,\"caption\":\"Guido Castagna - Cioccolato Metodo Naturale\"},\"image\":{\"@id\":\"https:\\\/\\\/www.guidocastagna.it\\\/#\\\/schema\\\/logo\\\/image\\\/\"},\"sameAs\":[\"https:\\\/\\\/www.facebook.com\\\/castagna.guido\\\/\"]}]}<\/script>\n<!-- \/ Yoast SEO plugin. -->","yoast_head_json":{"title":"Il nostro lavoro - Guido Castagna - Cioccolato Metodo Naturale","description":"Il nostro lavoro \u00e8 qualit\u00e0: per noi \u00e8 la parola pi\u00f9 importante. Per ottenerla ricerchiamo solo il massimo tutti i giorni. Scopri.","robots":{"index":"index","follow":"follow","max-snippet":"max-snippet:-1","max-image-preview":"max-image-preview:large","max-video-preview":"max-video-preview:-1"},"canonical":"https:\/\/www.guidocastagna.it\/en\/il-nostro-lavoro\/","og_locale":"en_GB","og_type":"article","og_title":"Il nostro lavoro - Guido Castagna - Cioccolato Metodo Naturale","og_description":"Il nostro lavoro \u00e8 qualit\u00e0: per noi \u00e8 la parola pi\u00f9 importante. Per ottenerla ricerchiamo solo il massimo tutti i giorni. Scopri.","og_url":"https:\/\/www.guidocastagna.it\/en\/il-nostro-lavoro\/","og_site_name":"Guido Castagna - Cioccolato Metodo Naturale","article_publisher":"https:\/\/www.facebook.com\/castagna.guido\/","article_modified_time":"2024-10-02T16:01:02+00:00","og_image":[{"url":"https:\/\/www.guidocastagna.it\/wp-content\/uploads\/2024\/01\/Muesli-Punto-Zero-1-sito-599x1024.jpg","type":"","width":"","height":""}],"twitter_card":"summary_large_image","twitter_misc":{"Estimated reading time":"2 minutes"},"schema":{"@context":"https:\/\/schema.org","@graph":[{"@type":"WebPage","@id":"https:\/\/www.guidocastagna.it\/il-nostro-lavoro\/","url":"https:\/\/www.guidocastagna.it\/il-nostro-lavoro\/","name":"Il nostro lavoro - Guido Castagna - Cioccolato Metodo Naturale","isPartOf":{"@id":"https:\/\/www.guidocastagna.it\/#website"},"primaryImageOfPage":{"@id":"https:\/\/www.guidocastagna.it\/il-nostro-lavoro\/#primaryimage"},"image":{"@id":"https:\/\/www.guidocastagna.it\/il-nostro-lavoro\/#primaryimage"},"thumbnailUrl":"https:\/\/www.guidocastagna.it\/wp-content\/uploads\/2024\/01\/Muesli-Punto-Zero-1-sito-599x1024.jpg","datePublished":"2022-08-05T15:00:19+00:00","dateModified":"2024-10-02T16:01:02+00:00","description":"Il nostro lavoro \u00e8 qualit\u00e0: per noi \u00e8 la parola pi\u00f9 importante. Per ottenerla ricerchiamo solo il massimo tutti i giorni. Scopri.","breadcrumb":{"@id":"https:\/\/www.guidocastagna.it\/il-nostro-lavoro\/#breadcrumb"},"inLanguage":"en-GB","potentialAction":[{"@type":"ReadAction","target":["https:\/\/www.guidocastagna.it\/il-nostro-lavoro\/"]}]},{"@type":"ImageObject","inLanguage":"en-GB","@id":"https:\/\/www.guidocastagna.it\/il-nostro-lavoro\/#primaryimage","url":"https:\/\/www.guidocastagna.it\/wp-content\/uploads\/2024\/01\/Muesli-Punto-Zero-1-sito-599x1024.jpg","contentUrl":"https:\/\/www.guidocastagna.it\/wp-content\/uploads\/2024\/01\/Muesli-Punto-Zero-1-sito-599x1024.jpg"},{"@type":"BreadcrumbList","@id":"https:\/\/www.guidocastagna.it\/il-nostro-lavoro\/#breadcrumb","itemListElement":[{"@type":"ListItem","position":1,"name":"Home","item":"https:\/\/www.guidocastagna.it\/"},{"@type":"ListItem","position":2,"name":"Il nostro lavoro"}]},{"@type":"WebSite","@id":"https:\/\/www.guidocastagna.it\/#website","url":"https:\/\/www.guidocastagna.it\/","name":"Guido Castagna - Cioccolato Metodo Naturale","description":"Guido Castagna - Cioccolato Metodo Naturale","publisher":{"@id":"https:\/\/www.guidocastagna.it\/#organization"},"potentialAction":[{"@type":"SearchAction","target":{"@type":"EntryPoint","urlTemplate":"https:\/\/www.guidocastagna.it\/?s={search_term_string}"},"query-input":{"@type":"PropertyValueSpecification","valueRequired":true,"valueName":"search_term_string"}}],"inLanguage":"en-GB"},{"@type":"Organization","@id":"https:\/\/www.guidocastagna.it\/#organization","name":"Guido Castagna - Cioccolato Metodo Naturale","url":"https:\/\/www.guidocastagna.it\/","logo":{"@type":"ImageObject","inLanguage":"en-GB","@id":"https:\/\/www.guidocastagna.it\/#\/schema\/logo\/image\/","url":"https:\/\/www.guidocastagna.it\/wp-content\/uploads\/2022\/06\/Guido-Castagna-logo-black.svg","contentUrl":"https:\/\/www.guidocastagna.it\/wp-content\/uploads\/2022\/06\/Guido-Castagna-logo-black.svg","width":257,"height":76,"caption":"Guido Castagna - Cioccolato Metodo Naturale"},"image":{"@id":"https:\/\/www.guidocastagna.it\/#\/schema\/logo\/image\/"},"sameAs":["https:\/\/www.facebook.com\/castagna.guido\/"]}]}},"_links":{"self":[{"href":"https:\/\/www.guidocastagna.it\/en\/wp-json\/wp\/v2\/pages\/18086","targetHints":{"allow":["GET"]}}],"collection":[{"href":"https:\/\/www.guidocastagna.it\/en\/wp-json\/wp\/v2\/pages"}],"about":[{"href":"https:\/\/www.guidocastagna.it\/en\/wp-json\/wp\/v2\/types\/page"}],"author":[{"embeddable":true,"href":"https:\/\/www.guidocastagna.it\/en\/wp-json\/wp\/v2\/users\/1"}],"replies":[{"embeddable":true,"href":"https:\/\/www.guidocastagna.it\/en\/wp-json\/wp\/v2\/comments?post=18086"}],"version-history":[{"count":17,"href":"https:\/\/www.guidocastagna.it\/en\/wp-json\/wp\/v2\/pages\/18086\/revisions"}],"predecessor-version":[{"id":20769,"href":"https:\/\/www.guidocastagna.it\/en\/wp-json\/wp\/v2\/pages\/18086\/revisions\/20769"}],"wp:attachment":[{"href":"https:\/\/www.guidocastagna.it\/en\/wp-json\/wp\/v2\/media?parent=18086"}],"curies":[{"name":"wp","href":"https:\/\/api.w.org\/{rel}","templated":true}]}}